{"id":511,"date":"2025-04-10T13:40:00","date_gmt":"2025-04-10T13:40:00","guid":{"rendered":"https:\/\/montgoverd.testdcip.com\/rechtlicher-hinweis\/"},"modified":"2025-04-10T15:55:25","modified_gmt":"2025-04-10T15:55:25","slug":"rechtlicher-hinweis","status":"publish","type":"page","link":"https:\/\/montgoverd.com\/de\/rechtlicher-hinweis\/","title":{"rendered":"Rechtlicher Hinweis"},"content":{"rendered":"\n<h2 class=\"wp-block-heading\">Rechtliche Verantwortung f\u00fcr die Website<\/h2>\n\n<p>Gem\u00e4\u00df dem Gesetz 34\/2002 vom 11. Juli \u00fcber die Dienste der Informationsgesellschaft und den elektronischen Handel (LSSI) teilen wir Ihnen mit, dass der Verantwortliche f\u00fcr diese Website die folgende Person ist:<\/p>\n\n<p>Verantwortlich: MONTGO VERD SL<\/p>\n\n<p>MEHRWERTSTEUER-NR.: B53820726<\/p>\n\n<p>Anschrift: C\/ RONDA NORTE 111<\/p>\n\n<h2 class=\"wp-block-heading\">Allgemeine Bedingungen f\u00fcr die Nutzung der Website<\/h2>\n\n<hr class=\"wp-block-separator has-alpha-channel-opacity\"\/>\n\n<h3 class=\"wp-block-heading\">1. zum Thema<\/h3>\n\n<p>Diese allgemeinen Bedingungen (im Folgenden Allgemeine Bedingungen), regeln den Zugang und die Nutzung der Website unter der Domain montgoverd.com (im Folgenden Website), im Besitz von <strong>MONTGO VERD SL<\/strong> (im Folgenden MONTGO VERD), zur Verf\u00fcgung gestellt, um Benutzer (im Folgenden Benutzer \/ s).<\/p>\n\n<p>Wenn Sie Zweifel oder Fragen bez\u00fcglich der Nutzung und des Zugriffs auf die Website oder dieser Allgemeinen Gesch\u00e4ftsbedingungen haben, k\u00f6nnen Sie eine E-Mail mit Ihrem Anliegen und Ihren Kontaktdaten an montgoverd@montgoverd.com senden. Sie k\u00f6nnen uns auch auf dem Postweg kontaktieren, indem Sie Ihre Anfrage und Ihre Kontaktdaten an <strong>MONTGO VERD<\/strong>, C\/ RONDA NORTE 111 senden. <\/p>\n\n<h3 class=\"wp-block-heading\">2. Konformit\u00e4t mit diesen Allgemeinen Bedingungen<\/h3>\n\n<p>Die Nutzung der Website setzt voraus, dass der Nutzer alle zum Zeitpunkt des Zugriffs auf die Website geltenden allgemeinen Bedingungen vollst\u00e4ndig akzeptiert. Wenn der Nutzer mit einer der hier festgelegten Bedingungen nicht einverstanden ist, sollte er daher von der Nutzung dieser Website absehen. <\/p>\n\n<p>Daher muss der Nutzer die Allgemeinen Gesch\u00e4ftsbedingungen jedes Mal sorgf\u00e4ltig lesen, wenn er die Website nutzen m\u00f6chte.<\/p>\n\n<p>In jedem Fall beh\u00e4lt sich MONTGO VERD das Recht vor, ohne vorherige Ank\u00fcndigung und zu jeder Zeit, diese allgemeinen Bedingungen, sowie ihre Konfiguration, Ort und alle anderen allgemeinen oder besonderen Bedingungen, Vorschriften f\u00fcr die Verwendung, Anweisungen oder Hinweise, die anwendbar sein k\u00f6nnen, zu \u00e4ndern. Ebenso beh\u00e4lt sich MONTGO VERD das Recht vor, den Betrieb der Website jederzeit auszusetzen, zu unterbrechen oder einzustellen. <\/p>\n\n<p>Unter &#8222;Nutzung der Website&#8220; verstehen wir jeden Nutzer, der auf die Website zugreift und sie durchsucht, unabh\u00e4ngig davon, ob er die Formulare der Website ausf\u00fcllt oder nicht.<\/p>\n\n<h3 class=\"wp-block-heading\">3. Bedingungen f\u00fcr den Zugang und die Nutzung der Website und ihrer Inhalte<\/h3>\n\n<p>Der Zugriff auf die Website und\/oder den darin enthaltenen Inhalt impliziert keinerlei Garantie hinsichtlich der Eignung der Website und\/oder des darin enthaltenen Inhalts f\u00fcr die besonderen oder spezifischen Zwecke der Nutzer.<\/p>\n\n<p>MONTGO VERD kann zus\u00e4tzliche Beschr\u00e4nkungen und\/oder Bedingungen f\u00fcr die Nutzung und\/oder den Zugriff auf die Website und\/oder die Inhalte festlegen, die von den Nutzern in jedem Fall eingehalten werden m\u00fcssen.<\/p>\n\n<h4 class=\"wp-block-heading\">3.1. Zugang und Nutzung der Website<\/h4>\n\n<p>Sofern nichts anderes vorgesehen ist, ist die Nutzung der Website kostenlos, unbeschadet der Kosten f\u00fcr die Verbindung \u00fcber das entsprechende Telekommunikationsnetz, das der Nutzer beauftragt hat.<\/p>\n\n<p>Der Benutzer erkennt an, dass er\/sie \u00fcber achtzehn Jahre alt ist, und er\/sie ist sich bewusst, dass die Nutzung der Website in jedem Fall unter seiner\/ihrer alleinigen und ausschlie\u00dflichen Verantwortung erfolgt, und er\/sie akzeptiert dies freiwillig und ausdr\u00fccklich.<\/p>\n\n<p>Der Benutzer verpflichtet sich, die vorliegenden allgemeinen Bedingungen einzuhalten sowie die besonderen Warnhinweise oder Anweisungen auf der Website zu befolgen und stets in \u00dcbereinstimmung mit dem Gesetz, den guten Sitten und den Anforderungen von Treu und Glauben zu handeln, indem er seine gr\u00f6\u00dftm\u00f6gliche Aufmerksamkeit unter Ber\u00fccksichtigung der Art und Erw\u00e4gung des von ihm genutzten Dienstes einsetzt. Zu diesem Zweck unterlassen Sie es, die Website in einer Weise zu nutzen, die den normalen Betrieb der Website, das Eigentum oder die Rechte von MONTGO VERD, seinen Lieferanten, seinen H\u00e4ndlern, anderen Nutzern oder Dritten im Allgemeinen beeintr\u00e4chtigen, sch\u00e4digen oder verschlechtern k\u00f6nnte. <\/p>\n\n<p>Insbesondere, und ohne dass dies eine Einschr\u00e4nkung der vom Nutzer im Allgemeinen gem\u00e4\u00df dem vorstehenden Abschnitt \u00fcbernommenen Verpflichtung bedeutet, verpflichtet sich der Nutzer, die Website zu nutzen:<\/p>\n\n<ol class=\"wp-block-list\">\n<li>auf oder von der Website keine Informationen oder Materialien einzugeben, zu speichern oder zu verbreiten, die verleumderisch, verleumderisch, obsz\u00f6n, bedrohlich, fremdenfeindlich, pornografisch, terroristisch, gewaltverherrlichend, diskriminierend aus Gr\u00fcnden der Ethnie, des Geschlechts, der Ideologie oder der Religion sind oder die in irgendeiner Weise die Form, die \u00f6ffentliche Ordnung, die Grundrechte, die \u00f6ffentlichen Freiheiten, die Ehre, die Privatsph\u00e4re oder das Ansehen Dritter und im Allgemeinen die geltenden Vorschriften verletzen.<\/li>\n\n\n\n<li>\u00fcber die Website keine Computerprogramme, Daten, Viren, Codes oder andere elektronische oder physische Instrumente oder Vorrichtungen einzuf\u00fchren, zu speichern oder zu verbreiten, die Sch\u00e4den an der Website, an einem der Dienste oder an den Ger\u00e4ten, Systemen oder Netzen von MONTGO VERD, eines Benutzers, der Lieferanten oder H\u00e4ndler von MONTGO VERD oder allgemein von Dritten verursachen k\u00f6nnen, die in der Lage sind, irgendeine Art von Ver\u00e4nderung zu bewirken oder das normale Funktionieren derselben zu beeintr\u00e4chtigen.<\/li>\n\n\n\n<li>\u00fcber die Website keine Inhalte einzuf\u00fchren, zu speichern oder zu verbreiten, die gegen die Vorschriften \u00fcber das geistige oder gewerbliche Eigentum oder gegen die Rechte Dritter versto\u00dfen, und ganz allgemein keine Inhalte, f\u00fcr die er nicht gem\u00e4\u00df dem Gesetz das Recht besitzt, sie Dritten zug\u00e4nglich zu machen.<\/li>\n<\/ol>\n\n<h4 class=\"wp-block-heading\">3.2. Zugang und Nutzung von Inhalten<\/h4>\n\n<p>Die Inhalte der Website werden dem Nutzer mit Informationen aus eigenen und fremden Quellen zur Verf\u00fcgung gestellt.<\/p>\n\n<p>MONTGO VERD bem\u00fcht sich, sicherzustellen, dass die Inhalte von h\u00f6chstm\u00f6glicher Qualit\u00e4t und angemessener Aktualit\u00e4t sind, \u00fcbernimmt jedoch keine Garantie f\u00fcr die N\u00fctzlichkeit, Genauigkeit, Vollst\u00e4ndigkeit, Relevanz und\/oder Aktualit\u00e4t der Inhalte.<\/p>\n\n<h3 class=\"wp-block-heading\">4. Rechte an geistigem und gewerblichem Eigentum<\/h3>\n\n<p>Die vorliegenden Allgemeinen Bedingungen gew\u00e4hren keinerlei Rechte an geistigem oder gewerblichem Eigentum an der Website oder einem ihrer Bestandteile, und es ist dem Nutzer ausdr\u00fccklich untersagt, diese in irgendeiner Weise, mit irgendwelchen Mitteln oder Verfahren zu vervielf\u00e4ltigen, umzuwandeln, zu verbreiten, \u00f6ffentlich zu kommunizieren, zug\u00e4nglich zu machen, zu extrahieren, wiederzuverwenden, weiterzusenden oder zu nutzen, es sei denn, dies ist gesetzlich erlaubt oder vom Inhaber der entsprechenden Rechte genehmigt.<\/p>\n\n<p>Der Nutzer kann eine vor\u00fcbergehende Privatkopie der Inhalte f\u00fcr seinen ausschlie\u00dflichen pers\u00f6nlichen und privaten Gebrauch auf seinen Computersystemen (Software und Hardware) ansehen und erhalten, vorausgesetzt, dass dies nicht zum Zwecke der Durchf\u00fchrung von Aktivit\u00e4ten kommerzieller oder professioneller Art geschieht. Der Nutzer ist verpflichtet, es zu unterlassen, die Inhalte mit anderen Mitteln oder Verfahren zu erhalten oder zu versuchen, sie zu erhalten, als denjenigen, die in jedem Fall zu diesem Zweck zur Verf\u00fcgung gestellt oder angegeben wurden, oder denjenigen, die normalerweise im Internet verwendet werden (vorausgesetzt, dass letztere nicht das Risiko einer Besch\u00e4digung oder Deaktivierung der Website mit sich bringen). Der Benutzer muss jederzeit alle Rechte an geistigem und gewerblichem Eigentum auf der Website respektieren, die MONTGO VERD oder Dritten geh\u00f6ren.  <\/p>\n\n<h3 class=\"wp-block-heading\">5. Ausschluss von Gew\u00e4hrleistung und Haftung<\/h3>\n\n<h4 class=\"wp-block-heading\">5.1. Ausschluss von Gew\u00e4hrleistungen und Haftung f\u00fcr den Betrieb der Website<\/h4>\n\n<p>MONTGO VERD garantiert weder die Verf\u00fcgbarkeit und Kontinuit\u00e4t des Betriebs der Website und der darauf angebotenen Dienstleistungen oder Inhalte noch die Aktualit\u00e4t der Inhalte seiner Website und ist von jeglicher Haftung f\u00fcr Sch\u00e4den jeglicher Art, die sich aus solchen Umst\u00e4nden ergeben k\u00f6nnen, befreit.<\/p>\n\n<p>MONTGO VERD f\u00fchrt, sofern keine Umst\u00e4nde vorliegen, die die Durchf\u00fchrung unm\u00f6glich machen oder erschweren, und sobald es von den Fehlern, Unterbrechungen und\/oder der fehlenden Aktualisierung der Inhalte Kenntnis erlangt, alle Aufgaben aus, die darauf abzielen, die Fehler zu korrigieren, die Kommunikation wiederherzustellen und\/oder die oben genannten Inhalte zu aktualisieren.<\/p>\n\n<p>MONTGO VERD garantiert auch nicht f\u00fcr die technische Zuverl\u00e4ssigkeit seiner Website oder den Zugang zu den verschiedenen Seiten und ist ebenfalls von jeglicher Haftung f\u00fcr Sch\u00e4den jeglicher Art, die aus diesem Grund entstehen k\u00f6nnten, befreit.<\/p>\n\n<p>Dar\u00fcber hinaus ist MONTGO VERD nicht verantwortlich f\u00fcr m\u00f6gliche Fehler oder Sicherheitsm\u00e4ngel, die aufgrund der Verwendung eines Browsers mit einer veralteten oder unsicheren Version des Browsers durch den Benutzer auftreten k\u00f6nnen, oder f\u00fcr Sch\u00e4den, Fehler oder Ungenauigkeiten, die durch die Fehlfunktion des gleichen entstehen k\u00f6nnen.<\/p>\n\n<p>Um das Risiko der Einschleppung von Viren auf der Website zu verringern, verwendet MONTGO VERD Virenerkennungsprogramme, um alle Inhalte auf der Website zu kontrollieren. MONTGO VERD garantiert jedoch nicht die Abwesenheit von Viren oder anderen Elementen auf der Website, die von Dritten au\u00dferhalb von MONTGO VERD eingef\u00fchrt werden und Ver\u00e4nderungen in den physischen oder logischen Systemen der Benutzer oder in den elektronischen Dokumenten und Dateien, die in deren Systemen gespeichert sind, verursachen k\u00f6nnen. Folglich haftet MONTGO VERD in keinem Fall f\u00fcr Sch\u00e4den jeglicher Art, die sich aus dem Vorhandensein von Viren oder anderen Elementen ergeben, die Ver\u00e4nderungen in den physischen oder logischen Systemen, elektronischen Dokumenten oder Dateien der Benutzer verursachen k\u00f6nnen.  <\/p>\n\n<p>MONTGO VERD ergreift verschiedene Schutzma\u00dfnahmen, um die Website, die gesammelten Daten und die Inhalte gegen Computerangriffe durch Dritte zu sch\u00fctzen. MONTGO VERD garantiert jedoch nicht, dass unbefugte Dritte Zugriff auf die Art der Nutzung oder Navigation der Website durch den Benutzer oder die Bedingungen, Merkmale und Umst\u00e4nde, unter denen sie durchgef\u00fchrt wird, haben k\u00f6nnen. Folglich haftet MONTGO VERD in keinem Fall f\u00fcr Sch\u00e4den, die sich aus einem solchen unbefugten Zugriff ergeben k\u00f6nnten.  <\/p>\n\n<p>MONTGO VERD haftet in keinem Fall f\u00fcr die Nutzung der Website oder der Inhalte durch die Nutzer und\/oder Dritte und auch nicht f\u00fcr Sch\u00e4den, die sich daraus ergeben k\u00f6nnten.<\/p>\n\n<h4 class=\"wp-block-heading\">5.2. Ausschluss von Gew\u00e4hrleistungen und Haftung f\u00fcr Inhalte<\/h4>\n\n<p>MONTGO VERD redigiert nicht die Inhalte Dritter, die auf der Website ver\u00f6ffentlicht werden, und garantiert folglich nicht und ist nicht verantwortlich f\u00fcr die Rechtm\u00e4\u00dfigkeit, Zuverl\u00e4ssigkeit, N\u00fctzlichkeit, Wahrhaftigkeit, Genauigkeit, Vollst\u00e4ndigkeit und Aktualit\u00e4t dieser Inhalte, noch f\u00fcr die Inhalte von MONTGO VERD. MONTGO VERD haftet in keinem Fall f\u00fcr Sch\u00e4den, die aus folgenden Gr\u00fcnden entstehen k\u00f6nnen: (i) die fehlende Rechtm\u00e4\u00dfigkeit, Wahrhaftigkeit, Genauigkeit, Vollst\u00e4ndigkeit und\/oder Aktualit\u00e4t der Inhalte, die von Dritten und von MONTGO VERD selbst stammen; (ii) die Ungeeignetheit f\u00fcr einen bestimmten Zweck und die Entt\u00e4uschung der durch die Inhalte geweckten Erwartungen; (iii) Entscheidungen oder Handlungen, die der Nutzer im Vertrauen auf die in den Inhalten bereitgestellten Informationen oder Daten getroffen oder vermieden hat, einschlie\u00dflich, aber nicht beschr\u00e4nkt auf den Verlust von Gewinnen oder Gesch\u00e4ftsm\u00f6glichkeiten.    <\/p>\n\n<h3 class=\"wp-block-heading\">6. Hyperlinks<\/h3>\n\n<p>Diejenigen, die beabsichtigen, Hyperlinks zwischen ihrer Website und montgoverd.com einzurichten, m\u00fcssen die folgenden Bedingungen beachten und einhalten:<\/p>\n\n<ul class=\"wp-block-list\">\n<li>Eine vorherige Genehmigung ist nicht erforderlich, wenn der Hyperlink nur den Zugriff auf die Startseite der Website erm\u00f6glicht, diese aber in keiner Weise wiedergeben darf. Jede andere Form des Hyperlinks bedarf der ausdr\u00fccklichen und unmissverst\u00e4ndlichen schriftlichen Genehmigung von MONTGO VERD. <\/li>\n\n\n\n<li>Die Webseite, auf der der Hyperlink eingerichtet wird, darf nur das enthalten, was unbedingt notwendig ist, um das Ziel des Hyperlinks zu identifizieren.<\/li>\n\n\n\n<li>Die Webseite, auf der der Hyperlink eingerichtet wird, darf keine Informationen oder Inhalte enthalten, die rechtswidrig sind, gegen die guten Sitten und die allgemein anerkannten guten Sitten und die \u00f6ffentliche Ordnung versto\u00dfen, noch darf sie Inhalte enthalten, die die Rechte Dritter verletzen.<\/li>\n\n\n\n<li>MONTGO VERD beh\u00e4lt sich das Recht vor, Hyperlinks zur Website zu sperren, f\u00fcr die keine ausdr\u00fcckliche vorherige Genehmigung vorliegt, auch wenn sie mit den Bestimmungen dieses Punktes der Allgemeinen Gesch\u00e4ftsbedingungen \u00fcbereinstimmen.<\/li>\n<\/ul>\n\n<p>MONTGO VERD lehnt jede Verantwortung f\u00fcr Informationen ab, die au\u00dferhalb der Website gefunden werden, da die Funktion der Hyperlinks, die erscheinen, ausschlie\u00dflich darin besteht, den Benutzer \u00fcber die Existenz anderer Informationsquellen zu einem bestimmten Thema zu informieren. MONTGO VERD ist von jeglicher Verantwortung f\u00fcr das ordnungsgem\u00e4\u00dfe Funktionieren dieser Links, die Ergebnisse, die durch diese Links, die Richtigkeit und Rechtm\u00e4\u00dfigkeit der Inhalte oder Informationen, die zugegriffen werden kann, sowie die Sch\u00e4den, die der Benutzer als Folge der Informationen, die auf der verlinkten Website erleiden k\u00f6nnen, befreit. <\/p>\n\n<h3 class=\"wp-block-heading\">7. Ma\u00dfnahmen im Falle der Nichteinhaltung<\/h3>\n\n<p>MONTGO VERD beh\u00e4lt sich das Recht vor, alle gesetzlich verf\u00fcgbaren Ma\u00dfnahmen zu ergreifen, um die Verantwortlichkeiten, die sich aus der Verletzung einer der Bestimmungen der vorliegenden Allgemeinen Gesch\u00e4ftsbedingungen der Website durch einen Benutzer ergeben, einzufordern.<\/p>\n\n<h3 class=\"wp-block-heading\">8. Teilweise Invalidit\u00e4t<\/h3>\n\n<p>Die Erkl\u00e4rung einer der in diesen Allgemeinen Bedingungen enthaltenen Klauseln als nichtig, ung\u00fcltig oder unwirksam ber\u00fchrt nicht die G\u00fcltigkeit oder Wirksamkeit der \u00fcbrigen Klauseln, die weiterhin zwischen den Parteien verbindlich sind.<\/p>\n\n<h3 class=\"wp-block-heading\">9. Anwendbares Recht und Gerichtsbarkeit<\/h3>\n\n<p>Die vorliegenden Allgemeinen Gesch\u00e4ftsbedingungen unterliegen den Bestimmungen des spanischen Rechts.<\/p>\n\n<p>Alle Streitigkeiten im Zusammenhang mit den Bedingungen f\u00fcr die Nutzung und den Zugang zu dieser Website, die in dem vorliegenden Dokument der allgemeinen Bedingungen der Website, die Parteien unterwerfen sich den Gerichten von D\u00e9nia, ausdr\u00fccklich unter Verzicht auf jede andere Zust\u00e4ndigkeit, die ihnen entsprechen k\u00f6nnen, sofern nicht anders durch Gesetz bestimmt.<\/p>\n\n<h3 class=\"wp-block-heading\">10. Benachrichtigungen<\/h3>\n\n<p>F\u00fcr die Zwecke der entsprechenden Mitteilungen benennt MONTGO VERD die im rechtlichen Hinweis angegebene Adresse als Kontaktadresse.<\/p>\n\n<p>Die vom Benutzer in den Kontaktformularen der Website angegebene E-Mail-Adresse wird von MONTGO VERD verwendet, um auf Anfragen, Vorschl\u00e4ge oder berufliche Kontakte zu antworten und um die vom Benutzer \u00fcber die Website angeforderten Informationen zu versenden.<\/p>\n\n<p>Alle Mitteilungen von MONTGO VERD an den Benutzer gelten als rechtsg\u00fcltig, wenn sie unter Verwendung der Daten und mit den oben genannten Mitteln gemacht wurden.<\/p>\n","protected":false},"excerpt":{"rendered":"<p>Rechtliche Verantwortung f\u00fcr die Website Gem\u00e4\u00df dem Gesetz 34\/2002 vom 11. Juli \u00fcber die Dienste der Informationsgesellschaft und den elektronischen Handel (LSSI) teilen wir Ihnen mit, dass der Verantwortliche f\u00fcr diese Website die folgende Person ist: Verantwortlich: MONTGO VERD SL MEHRWERTSTEUER-NR.: B53820726 Anschrift: C\/ RONDA NORTE 111 Allgemeine Bedingungen f\u00fcr die Nutzung der Website 1. [&hellip;]<\/p>\n","protected":false},"author":1,"featured_media":0,"parent":0,"menu_order":0,"comment_status":"closed","ping_status":"closed","template":"","meta":{"footnotes":""},"class_list":["post-511","page","type-page","status-publish","hentry"],"_links":{"self":[{"href":"https:\/\/montgoverd.com\/de\/wp-json\/wp\/v2\/pages\/511","targetHints":{"allow":["GET"]}}],"collection":[{"href":"https:\/\/montgoverd.com\/de\/wp-json\/wp\/v2\/pages"}],"about":[{"href":"https:\/\/montgoverd.com\/de\/wp-json\/wp\/v2\/types\/page"}],"author":[{"embeddable":true,"href":"https:\/\/montgoverd.com\/de\/wp-json\/wp\/v2\/users\/1"}],"replies":[{"embeddable":true,"href":"https:\/\/montgoverd.com\/de\/wp-json\/wp\/v2\/comments?post=511"}],"version-history":[{"count":1,"href":"https:\/\/montgoverd.com\/de\/wp-json\/wp\/v2\/pages\/511\/revisions"}],"predecessor-version":[{"id":512,"href":"https:\/\/montgoverd.com\/de\/wp-json\/wp\/v2\/pages\/511\/revisions\/512"}],"wp:attachment":[{"href":"https:\/\/montgoverd.com\/de\/wp-json\/wp\/v2\/media?parent=511"}],"curies":[{"name":"wp","href":"https:\/\/api.w.org\/{rel}","templated":true}]}}